{"id":372,"date":"2025-12-14T17:11:03","date_gmt":"2025-12-14T17:11:03","guid":{"rendered":"https:\/\/theking43manobrasradicais.com.br\/?page_id=372"},"modified":"2026-01-05T20:26:49","modified_gmt":"2026-01-05T20:26:49","slug":"eventos","status":"publish","type":"page","link":"https:\/\/theking43manobrasradicais.com.br\/?page_id=372","title":{"rendered":"Eventos"},"content":{"rendered":"\t\t<div data-elementor-type=\"wp-page\" data-elementor-id=\"372\" class=\"elementor elementor-372\">\n\t\t\t\t<div class=\"elementor-element elementor-element-c2dd033 e-flex e-con-boxed wpr-particle-no wpr-jarallax-no wpr-parallax-no wpr-sticky-section-no e-con e-parent\" data-id=\"c2dd033\" data-element_type=\"container\" data-settings=\"{&quot;background_background&quot;:&quot;classic&quot;}\">\n\t\t\t\t\t<div class=\"e-con-inner\">\n\t\t\t\t\t<\/div>\n\t\t\t\t<\/div>\n\t\t<div class=\"elementor-element elementor-element-dea589b e-flex e-con-boxed wpr-particle-no wpr-jarallax-no wpr-parallax-no wpr-sticky-section-no e-con e-parent\" data-id=\"dea589b\" data-element_type=\"container\" data-settings=\"{&quot;background_background&quot;:&quot;classic&quot;}\">\n\t\t\t\t\t<div class=\"e-con-inner\">\n\t\t\t\t<div class=\"elementor-element elementor-element-6151a9b animated-slow elementor-invisible elementor-widget elementor-widget-heading\" data-id=\"6151a9b\" data-element_type=\"widget\" data-settings=\"{&quot;_animation&quot;:&quot;lightSpeedIn&quot;}\" data-widget_type=\"heading.default\">\n\t\t\t\t\t<h2 class=\"elementor-heading-title elementor-size-default\">EVENTOS<\/h2>\t\t\t\t<\/div>\n\t\t\t\t\t<\/div>\n\t\t\t\t<\/div>\n\t\t<div class=\"elementor-element elementor-element-5f8e72a e-flex e-con-boxed wpr-particle-no wpr-jarallax-no wpr-parallax-no wpr-sticky-section-no e-con e-parent\" data-id=\"5f8e72a\" data-element_type=\"container\">\n\t\t\t\t\t<div class=\"e-con-inner\">\n\t\t<div class=\"elementor-element elementor-element-d3cf3cb e-con-full e-flex wpr-particle-no wpr-jarallax-no wpr-parallax-no wpr-sticky-section-no e-con e-child\" data-id=\"d3cf3cb\" data-element_type=\"container\" data-settings=\"{&quot;background_background&quot;:&quot;classic&quot;}\">\n\t\t\t\t<div class=\"elementor-element elementor-element-19b4981 animated-slow elementor-invisible elementor-widget elementor-widget-heading\" data-id=\"19b4981\" data-element_type=\"widget\" data-settings=\"{&quot;_animation&quot;:&quot;zoomIn&quot;}\" data-widget_type=\"heading.default\">\n\t\t\t\t\t<h2 class=\"elementor-heading-title elementor-size-default\">O Show que Transforma seu Evento<\/h2>\t\t\t\t<\/div>\n\t\t\t\t<div class=\"elementor-element elementor-element-590d519 elementor-widget elementor-widget-heading\" data-id=\"590d519\" data-element_type=\"widget\" data-widget_type=\"heading.default\">\n\t\t\t\t\t<h2 class=\"elementor-heading-title elementor-size-default\">N\u00e3o importa o tamanho da sua cidade ou do seu p\u00fablico, n\u00f3s adaptamos nossa estrutura para entregar o m\u00e1ximo de impacto. Atuamos em diversos formatos:\n<\/h2>\t\t\t\t<\/div>\n\t\t<div class=\"elementor-element elementor-element-84f0c7f e-grid e-con-full wpr-particle-no wpr-jarallax-no wpr-parallax-no wpr-sticky-section-no e-con e-child\" data-id=\"84f0c7f\" data-element_type=\"container\">\n\t\t\t\t<div class=\"elementor-element elementor-element-dedab61 animated-slow elementor-position-top elementor-invisible elementor-widget elementor-widget-image-box\" data-id=\"dedab61\" data-element_type=\"widget\" data-settings=\"{&quot;_animation&quot;:&quot;zoomIn&quot;}\" data-widget_type=\"image-box.default\">\n\t\t\t\t\t<div class=\"elementor-image-box-wrapper\"><figure class=\"elementor-image-box-img\"><img fetchpriority=\"high\" decoding=\"async\" width=\"512\" height=\"512\" src=\"https:\/\/theking43manobrasradicais.com.br\/wp-content\/uploads\/2026\/01\/balloons.png\" class=\"attachment-full size-full wp-image-1447\" alt=\"\" srcset=\"https:\/\/theking43manobrasradicais.com.br\/wp-content\/uploads\/2026\/01\/balloons.png 512w, https:\/\/theking43manobrasradicais.com.br\/wp-content\/uploads\/2026\/01\/balloons-300x300.png 300w, https:\/\/theking43manobrasradicais.com.br\/wp-content\/uploads\/2026\/01\/balloons-150x150.png 150w\" sizes=\"(max-width: 512px) 100vw, 512px\" \/><\/figure><div class=\"elementor-image-box-content\"><h3 class=\"elementor-image-box-title\">Grandes Festas Populares:<\/h3><p class=\"elementor-image-box-description\"> Anivers\u00e1rios de cidades, exposi\u00e7\u00f5es agropecu\u00e1rias (EXPOS) e rodeios.<\/p><\/div><\/div>\t\t\t\t<\/div>\n\t\t\t\t<div class=\"elementor-element elementor-element-fc784e5 animated-slow elementor-position-top elementor-invisible elementor-widget elementor-widget-image-box\" data-id=\"fc784e5\" data-element_type=\"widget\" data-settings=\"{&quot;_animation&quot;:&quot;zoomIn&quot;}\" data-widget_type=\"image-box.default\">\n\t\t\t\t\t<div class=\"elementor-image-box-wrapper\"><figure class=\"elementor-image-box-img\"><img decoding=\"async\" width=\"512\" height=\"512\" src=\"https:\/\/theking43manobrasradicais.com.br\/wp-content\/uploads\/2026\/01\/megaphone-1.png\" class=\"attachment-full size-full wp-image-1449\" alt=\"\" srcset=\"https:\/\/theking43manobrasradicais.com.br\/wp-content\/uploads\/2026\/01\/megaphone-1.png 512w, https:\/\/theking43manobrasradicais.com.br\/wp-content\/uploads\/2026\/01\/megaphone-1-300x300.png 300w, https:\/\/theking43manobrasradicais.com.br\/wp-content\/uploads\/2026\/01\/megaphone-1-150x150.png 150w\" sizes=\"(max-width: 512px) 100vw, 512px\" \/><\/figure><div class=\"elementor-image-box-content\"><h3 class=\"elementor-image-box-title\">A\u00e7\u00f5es de Marketing:<\/h3><p class=\"elementor-image-box-description\">Lan\u00e7amento de produtos, inaugura\u00e7\u00f5es de concession\u00e1rias e ativa\u00e7\u00f5es de marcas.\n\n<\/p><\/div><\/div>\t\t\t\t<\/div>\n\t\t\t\t<div class=\"elementor-element elementor-element-9119f50 animated-slow elementor-position-top elementor-invisible elementor-widget elementor-widget-image-box\" data-id=\"9119f50\" data-element_type=\"widget\" data-settings=\"{&quot;_animation&quot;:&quot;zoomIn&quot;}\" data-widget_type=\"image-box.default\">\n\t\t\t\t\t<div class=\"elementor-image-box-wrapper\"><figure class=\"elementor-image-box-img\"><img decoding=\"async\" width=\"512\" height=\"512\" src=\"https:\/\/theking43manobrasradicais.com.br\/wp-content\/uploads\/2026\/01\/privacy-policy.png\" class=\"attachment-full size-full wp-image-1446\" alt=\"\" srcset=\"https:\/\/theking43manobrasradicais.com.br\/wp-content\/uploads\/2026\/01\/privacy-policy.png 512w, https:\/\/theking43manobrasradicais.com.br\/wp-content\/uploads\/2026\/01\/privacy-policy-300x300.png 300w, https:\/\/theking43manobrasradicais.com.br\/wp-content\/uploads\/2026\/01\/privacy-policy-150x150.png 150w\" sizes=\"(max-width: 512px) 100vw, 512px\" \/><\/figure><div class=\"elementor-image-box-content\"><h3 class=\"elementor-image-box-title\">Eventos Privados:<\/h3><p class=\"elementor-image-box-description\">Shows exclusivos para empresas, motoclubes e clubes de carros.<\/p><\/div><\/div>\t\t\t\t<\/div>\n\t\t\t\t<div class=\"elementor-element elementor-element-94f94ef animated-slow elementor-position-top elementor-invisible elementor-widget elementor-widget-image-box\" data-id=\"94f94ef\" data-element_type=\"widget\" data-settings=\"{&quot;_animation&quot;:&quot;zoomIn&quot;}\" data-widget_type=\"image-box.default\">\n\t\t\t\t\t<div class=\"elementor-image-box-wrapper\"><figure class=\"elementor-image-box-img\"><img loading=\"lazy\" decoding=\"async\" width=\"512\" height=\"512\" src=\"https:\/\/theking43manobrasradicais.com.br\/wp-content\/uploads\/2026\/01\/racing-flag.png\" class=\"attachment-full size-full wp-image-1445\" alt=\"\" srcset=\"https:\/\/theking43manobrasradicais.com.br\/wp-content\/uploads\/2026\/01\/racing-flag.png 512w, https:\/\/theking43manobrasradicais.com.br\/wp-content\/uploads\/2026\/01\/racing-flag-300x300.png 300w, https:\/\/theking43manobrasradicais.com.br\/wp-content\/uploads\/2026\/01\/racing-flag-150x150.png 150w\" sizes=\"(max-width: 512px) 100vw, 512px\" \/><\/figure><div class=\"elementor-image-box-content\"><h3 class=\"elementor-image-box-title\">Encontros Automotivos:<\/h3><p class=\"elementor-image-box-description\">Encontros de carros antigos, tunados e festivais de velocidade.\n\n<\/p><\/div><\/div>\t\t\t\t<\/div>\n\t\t\t\t<\/div>\n\t\t\t\t<div class=\"elementor-element elementor-element-8333225 animated-slow elementor-invisible elementor-widget elementor-widget-heading\" data-id=\"8333225\" data-element_type=\"widget\" data-settings=\"{&quot;_animation&quot;:&quot;zoomIn&quot;}\" data-widget_type=\"heading.default\">\n\t\t\t\t\t<h2 class=\"elementor-heading-title elementor-size-default\">Agenda de Shows<\/h2>\t\t\t\t<\/div>\n\t\t\t\t<div class=\"elementor-element elementor-element-a46f90c elementor-widget elementor-widget-heading\" data-id=\"a46f90c\" data-element_type=\"widget\" data-widget_type=\"heading.default\">\n\t\t\t\t\t<h2 class=\"elementor-heading-title elementor-size-default\">Sua cidade pode ser a pr\u00f3xima parada! Estamos com a agenda aberta para novas contrata\u00e7\u00f5es. Se voc\u00ea quer ver a fuma\u00e7a subir e o p\u00fablico vibrar, n\u00e3o espere a nossa agenda lotar.<\/h2>\t\t\t\t<\/div>\n\t\t\t\t<div class=\"elementor-element elementor-element-1437375 elementor-widget elementor-widget-text-editor\" data-id=\"1437375\" data-element_type=\"widget\" data-widget_type=\"text-editor.default\">\n\t\t\t\t\t\t\t\t\t<p style=\"text-align: center;\">\u26a0\ufe0f STATUS DA AGENDA: Dispon\u00edvel para novas datas em 2026\/2027.<\/p>\t\t\t\t\t\t\t\t<\/div>\n\t\t\t\t<div class=\"elementor-element elementor-element-23d2cf6 animated-slow elementor-invisible elementor-widget elementor-widget-heading\" data-id=\"23d2cf6\" data-element_type=\"widget\" data-settings=\"{&quot;_animation&quot;:&quot;zoomIn&quot;}\" data-widget_type=\"heading.default\">\n\t\t\t\t\t<h2 class=\"elementor-heading-title elementor-size-default\">Quer a The King 43 no seu evento?\n<\/h2>\t\t\t\t<\/div>\n\t\t\t\t<div class=\"elementor-element elementor-element-b70bae1 elementor-widget elementor-widget-text-editor\" data-id=\"b70bae1\" data-element_type=\"widget\" data-widget_type=\"text-editor.default\">\n\t\t\t\t\t\t\t\t\t<p>N\u00e3o deixe para a \u00faltima hora. Garanta uma atra\u00e7\u00e3o de n\u00edvel profissional que \u00e9 sucesso de p\u00fablico e cr\u00edtica.<\/p>\t\t\t\t\t\t\t\t<\/div>\n\t\t\t\t<div class=\"elementor-element elementor-element-f216cce elementor-align-center elementor-widget elementor-widget-button\" data-id=\"f216cce\" data-element_type=\"widget\" data-widget_type=\"button.default\">\n\t\t\t\t\t\t\t\t\t\t<a class=\"elementor-button elementor-button-link elementor-size-sm\" href=\"#\">\n\t\t\t\t\t\t<span class=\"elementor-button-content-wrapper\">\n\t\t\t\t\t\t\t\t\t<span class=\"elementor-button-text\">SOLICITAR OR\u00c7AMENTO PARA MEU EVENTO<\/span>\n\t\t\t\t\t<\/span>\n\t\t\t\t\t<\/a>\n\t\t\t\t\t\t\t\t<\/div>\n\t\t\t\t<\/div>\n\t\t\t\t\t<\/div>\n\t\t\t\t<\/div>\n\t\t<div class=\"elementor-element elementor-element-9c4165b e-flex e-con-boxed wpr-particle-no wpr-jarallax-no wpr-parallax-no wpr-sticky-section-no e-con e-parent\" data-id=\"9c4165b\" data-element_type=\"container\" data-settings=\"{&quot;background_background&quot;:&quot;classic&quot;}\">\n\t\t\t\t\t<div class=\"e-con-inner\">\n\t\t\t\t\t<\/div>\n\t\t\t\t<\/div>\n\t\t\t\t<\/div>\n\t\t","protected":false},"excerpt":{"rendered":"<p>EVENTOS O Show que Transforma seu Evento N\u00e3o importa o tamanho da sua cidade ou do seu p\u00fablico, n\u00f3s adaptamos nossa estrutura para entregar o m\u00e1ximo de impacto. Atuamos em diversos formatos: Grandes Festas Populares: Anivers\u00e1rios de cidades, exposi\u00e7\u00f5es agropecu\u00e1rias (EXPOS) e rodeios. A\u00e7\u00f5es de Marketing: Lan\u00e7amento de produtos, inaugura\u00e7\u00f5es de concession\u00e1rias e ativa\u00e7\u00f5es de marcas. Eventos Privados: Shows exclusivos para empresas, motoclubes e clubes de carros. Encontros Automotivos: Encontros de carros antigos, tunados e festivais de velocidade. Agenda de Shows Sua cidade pode ser a pr\u00f3xima parada! Estamos com a agenda aberta para novas contrata\u00e7\u00f5es. Se voc\u00ea quer ver a fuma\u00e7a subir e o p\u00fablico vibrar, n\u00e3o espere a nossa agenda lotar. \u26a0\ufe0f STATUS DA AGENDA: Dispon\u00edvel para novas datas em 2026\/2027. Quer a The King 43 no seu evento? N\u00e3o deixe para a \u00faltima hora. Garanta uma atra\u00e7\u00e3o de n\u00edvel profissional que \u00e9 sucesso de p\u00fablico e cr\u00edtica. SOLICITAR OR\u00c7AMENTO PARA MEU EVENTO<\/p>\n","protected":false},"author":1,"featured_media":0,"parent":0,"menu_order":0,"comment_status":"closed","ping_status":"closed","template":"elementor_header_footer","meta":{"footnotes":""},"class_list":["post-372","page","type-page","status-publish","hentry"],"_links":{"self":[{"href":"https:\/\/theking43manobrasradicais.com.br\/index.php?rest_route=\/wp\/v2\/pages\/372","targetHints":{"allow":["GET"]}}],"collection":[{"href":"https:\/\/theking43manobrasradicais.com.br\/index.php?rest_route=\/wp\/v2\/pages"}],"about":[{"href":"https:\/\/theking43manobrasradicais.com.br\/index.php?rest_route=\/wp\/v2\/types\/page"}],"author":[{"embeddable":true,"href":"https:\/\/theking43manobrasradicais.com.br\/index.php?rest_route=\/wp\/v2\/users\/1"}],"replies":[{"embeddable":true,"href":"https:\/\/theking43manobrasradicais.com.br\/index.php?rest_route=%2Fwp%2Fv2%2Fcomments&post=372"}],"version-history":[{"count":139,"href":"https:\/\/theking43manobrasradicais.com.br\/index.php?rest_route=\/wp\/v2\/pages\/372\/revisions"}],"predecessor-version":[{"id":1544,"href":"https:\/\/theking43manobrasradicais.com.br\/index.php?rest_route=\/wp\/v2\/pages\/372\/revisions\/1544"}],"wp:attachment":[{"href":"https:\/\/theking43manobrasradicais.com.br\/index.php?rest_route=%2Fwp%2Fv2%2Fmedia&parent=372"}],"curies":[{"name":"wp","href":"https:\/\/api.w.org\/{rel}","templated":true}]}}