{"id":181,"date":"2025-12-12T18:50:51","date_gmt":"2025-12-12T18:50:51","guid":{"rendered":"https:\/\/theking43manobrasradicais.com.br\/?page_id=181"},"modified":"2026-01-05T20:26:01","modified_gmt":"2026-01-05T20:26:01","slug":"equipe","status":"publish","type":"page","link":"https:\/\/theking43manobrasradicais.com.br\/?page_id=181","title":{"rendered":"Equipe"},"content":{"rendered":"\t\t<div data-elementor-type=\"wp-page\" data-elementor-id=\"181\" class=\"elementor elementor-181\">\n\t\t\t\t<div class=\"elementor-element elementor-element-3710b70 e-flex e-con-boxed wpr-particle-no wpr-jarallax-no wpr-parallax-no wpr-sticky-section-no e-con e-parent\" data-id=\"3710b70\" data-element_type=\"container\" data-settings=\"{&quot;background_background&quot;:&quot;classic&quot;}\">\n\t\t\t\t\t<div class=\"e-con-inner\">\n\t\t\t\t\t<\/div>\n\t\t\t\t<\/div>\n\t\t<div class=\"elementor-element elementor-element-241067b e-flex e-con-boxed wpr-particle-no wpr-jarallax-no wpr-parallax-no wpr-sticky-section-no e-con e-parent\" data-id=\"241067b\" data-element_type=\"container\" data-settings=\"{&quot;background_background&quot;:&quot;classic&quot;}\">\n\t\t\t\t\t<div class=\"e-con-inner\">\n\t\t\t\t\t<\/div>\n\t\t\t\t<\/div>\n\t\t<div class=\"elementor-element elementor-element-3398d2f e-flex e-con-boxed wpr-particle-no wpr-jarallax-no wpr-parallax-no wpr-sticky-section-no e-con e-parent\" data-id=\"3398d2f\" data-element_type=\"container\" data-settings=\"{&quot;background_background&quot;:&quot;classic&quot;}\">\n\t\t\t\t\t<div class=\"e-con-inner\">\n\t\t<div class=\"elementor-element elementor-element-a2003f7 e-con-full e-flex wpr-particle-no wpr-jarallax-no wpr-parallax-no wpr-sticky-section-no e-con e-child\" data-id=\"a2003f7\" data-element_type=\"container\" data-settings=\"{&quot;background_background&quot;:&quot;classic&quot;}\">\n\t\t\t\t<div class=\"elementor-element elementor-element-8ebc8ff animated-slow elementor-invisible elementor-widget elementor-widget-heading\" data-id=\"8ebc8ff\" data-element_type=\"widget\" data-settings=\"{&quot;_animation&quot;:&quot;zoomIn&quot;}\" data-widget_type=\"heading.default\">\n\t\t\t\t\t<h2 class=\"elementor-heading-title elementor-size-default\"> THE KING 43<\/h2>\t\t\t\t<\/div>\n\t\t\t\t<div class=\"elementor-element elementor-element-c07cf43 elementor-widget elementor-widget-text-editor\" data-id=\"c07cf43\" data-element_type=\"widget\" data-widget_type=\"text-editor.default\">\n\t\t\t\t\t\t\t\t\t<p>\u00a0<\/p><p>A nossa equipe oferece um show eletrizante, onde a pot\u00eancia e a precis\u00e3o dos carros dominam a pista.<br \/>\u00c9 uma experi\u00eancia din\u00e2mica, emocionante e projetada para impactar p\u00fablicos de todas as idades com manobras de tirar o f\u00f4lego.<\/p><p>Somos uma equipe 100% independente e possui toda a estrutura t\u00e9cnica e f\u00edsica necess\u00e1ria para a realiza\u00e7\u00e3o da apresenta\u00e7\u00e3o. Isso garante total comodidade aos nossos contratantes, pois cuidamos de cada detalhe do espet\u00e1culo, desde a chegada at\u00e9 a performance final.<\/p><p>\ud83d\udccd Estrutura e Localiza\u00e7\u00e3o:<\/p><p>Normalmente, o show \u00e9 realizado em percursos de 50 a 100 metros de extens\u00e3o, <br \/>podendo ser montado em ruas, pra\u00e7as, centros de eventos, aut\u00f3dromos e espa\u00e7os amplos em geral.<\/p><p>\u00c1rea Necess\u00e1ria: M\u00ednimo de 10m x 50m e m\u00e1ximo de 15m x 100m.<\/p><p>Piso: Deve ser de asfalto ou concreto, obrigatoriamente limpo e seco <br \/>para garantir a seguran\u00e7a e a perfei\u00e7\u00e3o das manobras.<\/p><p>Dura\u00e7\u00e3o: Cada apresenta\u00e7\u00e3o tem dura\u00e7\u00e3o de aproximadamente 1 hora, com a intensidade e o n\u00famero<br \/>de manobras ajustados conforme o espa\u00e7o dispon\u00edvel no local.<\/p><p>\ud83c\udfc6 Onde Atuamos:<\/p><p>Com anos de experi\u00eancia e atua\u00e7\u00e3o profissional, a The King 43 leva adrenalina para os mais diversos<br \/>tipos de eventos, como:<\/p><p>Anivers\u00e1rios de cidades e festas municipais;<\/p><p>Encontros automotivos e exposi\u00e7\u00f5es de carros;<\/p><p>Rodeios e feiras agropecu\u00e1rias;<\/p><p>Provas de arrancada e eventos em aut\u00f3dromos;<\/p><p>A\u00e7\u00f5es de marketing e lan\u00e7amentos de marcas.<\/p><p>Onde houver paix\u00e3o por motores, a The King 43 entrega o show definitivo.<\/p>\t\t\t\t\t\t\t\t<\/div>\n\t\t\t\t<\/div>\n\t\t<div class=\"elementor-element elementor-element-03ecd64 e-con-full e-flex wpr-particle-no wpr-jarallax-no wpr-parallax-no wpr-sticky-section-no e-con e-child\" data-id=\"03ecd64\" data-element_type=\"container\" data-settings=\"{&quot;background_background&quot;:&quot;classic&quot;}\">\n\t\t\t\t<div class=\"elementor-element elementor-element-721aeda animated-slow elementor-invisible elementor-widget elementor-widget-heading\" data-id=\"721aeda\" data-element_type=\"widget\" data-settings=\"{&quot;_animation&quot;:&quot;zoomIn&quot;}\" data-widget_type=\"heading.default\">\n\t\t\t\t\t<h2 class=\"elementor-heading-title elementor-size-default\">NOSSOS PILOTOS<\/h2>\t\t\t\t<\/div>\n\t\t\t\t<div class=\"elementor-element elementor-element-4db06a8 elementor-widget elementor-widget-text-editor\" data-id=\"4db06a8\" data-element_type=\"widget\" data-widget_type=\"text-editor.default\">\n\t\t\t\t\t\t\t\t\t<p><strong>Pilotos Certificados pela CBA<\/strong>: A Equipe The King tem orgulho de ter 100% de seus pilotos com a licen\u00e7a oficial da Confedera\u00e7\u00e3o Brasileira de Automobilismo, garantindo shows realizados dentro de todas as normativas e com a m\u00e1xima seguran\u00e7a.<\/p>\t\t\t\t\t\t\t\t<\/div>\n\t\t<div class=\"elementor-element elementor-element-87d4874 e-grid e-con-full wpr-particle-no wpr-jarallax-no wpr-parallax-no wpr-sticky-section-no e-con e-child\" data-id=\"87d4874\" data-element_type=\"container\">\n\t\t\t\t<div class=\"elementor-element elementor-element-d693d85 elementor-position-top elementor-widget elementor-widget-image-box\" data-id=\"d693d85\" data-element_type=\"widget\" data-widget_type=\"image-box.default\">\n\t\t\t\t\t<div class=\"elementor-image-box-wrapper\"><figure class=\"elementor-image-box-img\"><img fetchpriority=\"high\" decoding=\"async\" width=\"500\" height=\"500\" src=\"https:\/\/theking43manobrasradicais.com.br\/wp-content\/uploads\/2025\/12\/Design-sem-nome-26.png\" class=\"attachment-full size-full wp-image-577\" alt=\"\" srcset=\"https:\/\/theking43manobrasradicais.com.br\/wp-content\/uploads\/2025\/12\/Design-sem-nome-26.png 500w, https:\/\/theking43manobrasradicais.com.br\/wp-content\/uploads\/2025\/12\/Design-sem-nome-26-300x300.png 300w, https:\/\/theking43manobrasradicais.com.br\/wp-content\/uploads\/2025\/12\/Design-sem-nome-26-150x150.png 150w\" sizes=\"(max-width: 500px) 100vw, 500px\" \/><\/figure><div class=\"elementor-image-box-content\"><h3 class=\"elementor-image-box-title\">Leonardo Silva<\/h3><p class=\"elementor-image-box-description\">Com gasolina nas veias desde a inf\u00e2ncia, Leo transformou a paix\u00e3o pela velocidade em uma carreira dedicada ao controle absoluto da m\u00e1quina. S\u00e3o mais de 12 anos de experi\u00eancia desafiando as leis da f\u00edsica.\n\nCome\u00e7ou no kartismo profissional, onde aprendeu a import\u00e2ncia da precis\u00e3o milim\u00e9trica, mas foi nas manobras radicais que encontrou sua verdadeira voca\u00e7\u00e3o. Na equipe The King 43, Leo \u00e9 a refer\u00eancia t\u00e9cnica para manobras de alta velocidade e sincronismo.\n<\/p><\/div><\/div>\t\t\t\t<\/div>\n\t\t\t\t<div class=\"elementor-element elementor-element-d809ae3 elementor-position-top elementor-widget elementor-widget-image-box\" data-id=\"d809ae3\" data-element_type=\"widget\" data-widget_type=\"image-box.default\">\n\t\t\t\t\t<div class=\"elementor-image-box-wrapper\"><figure class=\"elementor-image-box-img\"><img fetchpriority=\"high\" decoding=\"async\" width=\"500\" height=\"500\" src=\"https:\/\/theking43manobrasradicais.com.br\/wp-content\/uploads\/2025\/12\/Design-sem-nome-26.png\" class=\"attachment-full size-full wp-image-577\" alt=\"\" srcset=\"https:\/\/theking43manobrasradicais.com.br\/wp-content\/uploads\/2025\/12\/Design-sem-nome-26.png 500w, https:\/\/theking43manobrasradicais.com.br\/wp-content\/uploads\/2025\/12\/Design-sem-nome-26-300x300.png 300w, https:\/\/theking43manobrasradicais.com.br\/wp-content\/uploads\/2025\/12\/Design-sem-nome-26-150x150.png 150w\" sizes=\"(max-width: 500px) 100vw, 500px\" \/><\/figure><div class=\"elementor-image-box-content\"><h3 class=\"elementor-image-box-title\">Leonardo Silva<\/h3><p class=\"elementor-image-box-description\">Com gasolina nas veias desde a inf\u00e2ncia, Leo transformou a paix\u00e3o pela velocidade em uma carreira dedicada ao controle absoluto da m\u00e1quina. S\u00e3o mais de 12 anos de experi\u00eancia desafiando as leis da f\u00edsica.\n\nCome\u00e7ou no kartismo profissional, onde aprendeu a import\u00e2ncia da precis\u00e3o milim\u00e9trica, mas foi nas manobras radicais que encontrou sua verdadeira voca\u00e7\u00e3o. Na equipe The King 43, Leo \u00e9 a refer\u00eancia t\u00e9cnica para manobras de alta velocidade e sincronismo.\n<\/p><\/div><\/div>\t\t\t\t<\/div>\n\t\t\t\t<div class=\"elementor-element elementor-element-cf5d3cf elementor-position-top elementor-widget elementor-widget-image-box\" data-id=\"cf5d3cf\" data-element_type=\"widget\" data-widget_type=\"image-box.default\">\n\t\t\t\t\t<div class=\"elementor-image-box-wrapper\"><figure class=\"elementor-image-box-img\"><img fetchpriority=\"high\" decoding=\"async\" width=\"500\" height=\"500\" src=\"https:\/\/theking43manobrasradicais.com.br\/wp-content\/uploads\/2025\/12\/Design-sem-nome-26.png\" class=\"attachment-full size-full wp-image-577\" alt=\"\" srcset=\"https:\/\/theking43manobrasradicais.com.br\/wp-content\/uploads\/2025\/12\/Design-sem-nome-26.png 500w, https:\/\/theking43manobrasradicais.com.br\/wp-content\/uploads\/2025\/12\/Design-sem-nome-26-300x300.png 300w, https:\/\/theking43manobrasradicais.com.br\/wp-content\/uploads\/2025\/12\/Design-sem-nome-26-150x150.png 150w\" sizes=\"(max-width: 500px) 100vw, 500px\" \/><\/figure><div class=\"elementor-image-box-content\"><h3 class=\"elementor-image-box-title\">Leonardo Silva<\/h3><p class=\"elementor-image-box-description\">Com gasolina nas veias desde a inf\u00e2ncia, Leo transformou a paix\u00e3o pela velocidade em uma carreira dedicada ao controle absoluto da m\u00e1quina. S\u00e3o mais de 12 anos de experi\u00eancia desafiando as leis da f\u00edsica.\n\nCome\u00e7ou no kartismo profissional, onde aprendeu a import\u00e2ncia da precis\u00e3o milim\u00e9trica, mas foi nas manobras radicais que encontrou sua verdadeira voca\u00e7\u00e3o. Na equipe The King 43, Leo \u00e9 a refer\u00eancia t\u00e9cnica para manobras de alta velocidade e sincronismo.\n<\/p><\/div><\/div>\t\t\t\t<\/div>\n\t\t\t\t<\/div>\n\t\t\t\t<\/div>\n\t\t\t\t<div class=\"elementor-element elementor-element-3b47d68 elementor-widget elementor-widget-text-editor\" data-id=\"3b47d68\" data-element_type=\"widget\" data-widget_type=\"text-editor.default\">\n\t\t\t\t\t\t\t\t\t<p><strong>Pilotos Certificados pela CBA<\/strong>: A Equipe The King tem orgulho de ter 100% de seus pilotos com a licen\u00e7a oficial da Confedera\u00e7\u00e3o Brasileira de Automobilismo, garantindo shows realizados dentro de todas as normativas e com a m\u00e1xima seguran\u00e7a.<\/p>\t\t\t\t\t\t\t\t<\/div>\n\t\t\t\t\t<\/div>\n\t\t\t\t<\/div>\n\t\t\t\t<\/div>\n\t\t","protected":false},"excerpt":{"rendered":"<p>THE KING 43 \u00a0 A nossa equipe oferece um show eletrizante, onde a pot\u00eancia e a precis\u00e3o dos carros dominam a pista.\u00c9 uma experi\u00eancia din\u00e2mica, emocionante e projetada para impactar p\u00fablicos de todas as idades com manobras de tirar o f\u00f4lego. Somos uma equipe 100% independente e possui toda a estrutura t\u00e9cnica e f\u00edsica necess\u00e1ria para a realiza\u00e7\u00e3o da apresenta\u00e7\u00e3o. Isso garante total comodidade aos nossos contratantes, pois cuidamos de cada detalhe do espet\u00e1culo, desde a chegada at\u00e9 a performance final. \ud83d\udccd Estrutura e Localiza\u00e7\u00e3o: Normalmente, o show \u00e9 realizado em percursos de 50 a 100 metros de extens\u00e3o, podendo ser montado em ruas, pra\u00e7as, centros de eventos, aut\u00f3dromos e espa\u00e7os amplos em geral. \u00c1rea Necess\u00e1ria: M\u00ednimo de 10m x 50m e m\u00e1ximo de 15m x 100m. Piso: Deve ser de asfalto ou concreto, obrigatoriamente limpo e seco para garantir a seguran\u00e7a e a perfei\u00e7\u00e3o das manobras. Dura\u00e7\u00e3o: Cada apresenta\u00e7\u00e3o tem dura\u00e7\u00e3o de aproximadamente 1 hora, com a intensidade e o n\u00famerode manobras ajustados conforme o espa\u00e7o dispon\u00edvel no local. \ud83c\udfc6 Onde Atuamos: Com anos de experi\u00eancia e atua\u00e7\u00e3o profissional, a The King 43 leva adrenalina para os mais diversostipos de eventos, como: Anivers\u00e1rios de cidades e festas municipais; Encontros automotivos e exposi\u00e7\u00f5es de carros; Rodeios e feiras agropecu\u00e1rias; Provas de arrancada e eventos em aut\u00f3dromos; A\u00e7\u00f5es de marketing e lan\u00e7amentos de marcas. Onde houver paix\u00e3o por motores, a The King 43 entrega o show definitivo. NOSSOS PILOTOS Pilotos Certificados pela CBA: A Equipe The King tem orgulho de ter 100% de seus pilotos com a licen\u00e7a oficial da Confedera\u00e7\u00e3o Brasileira de Automobilismo, garantindo shows realizados dentro de todas as normativas e com a m\u00e1xima seguran\u00e7a. Leonardo Silva Com gasolina nas veias desde a inf\u00e2ncia, Leo transformou a paix\u00e3o pela velocidade em uma carreira dedicada ao controle absoluto da m\u00e1quina. S\u00e3o mais de 12 anos de experi\u00eancia desafiando as leis da f\u00edsica. Come\u00e7ou no kartismo profissional, onde aprendeu a import\u00e2ncia da precis\u00e3o milim\u00e9trica, mas foi nas manobras radicais que encontrou sua verdadeira voca\u00e7\u00e3o. Na equipe The King 43, Leo \u00e9 a refer\u00eancia t\u00e9cnica para manobras de alta velocidade e sincronismo. Leonardo Silva Com gasolina nas veias desde a inf\u00e2ncia, Leo transformou a paix\u00e3o pela velocidade em uma carreira dedicada ao controle absoluto da m\u00e1quina. S\u00e3o mais de 12 anos de experi\u00eancia desafiando as leis da f\u00edsica. Come\u00e7ou no kartismo profissional, onde aprendeu a import\u00e2ncia da precis\u00e3o milim\u00e9trica, mas foi nas manobras radicais que encontrou sua verdadeira voca\u00e7\u00e3o. Na equipe The King 43, Leo \u00e9 a refer\u00eancia t\u00e9cnica para manobras de alta velocidade e sincronismo. Leonardo Silva Com gasolina nas veias desde a inf\u00e2ncia, Leo transformou a paix\u00e3o pela velocidade em uma carreira dedicada ao controle absoluto da m\u00e1quina. S\u00e3o mais de 12 anos de experi\u00eancia desafiando as leis da f\u00edsica. Come\u00e7ou no kartismo profissional, onde aprendeu a import\u00e2ncia da precis\u00e3o milim\u00e9trica, mas foi nas manobras radicais que encontrou sua verdadeira voca\u00e7\u00e3o. Na equipe The King 43, Leo \u00e9 a refer\u00eancia t\u00e9cnica para manobras de alta velocidade e sincronismo. Pilotos Certificados pela CBA: A Equipe The King tem orgulho de ter 100% de seus pilotos com a licen\u00e7a oficial da Confedera\u00e7\u00e3o Brasileira de Automobilismo, garantindo shows realizados dentro de todas as normativas e com a m\u00e1xima seguran\u00e7a.<\/p>\n","protected":false},"author":1,"featured_media":0,"parent":0,"menu_order":0,"comment_status":"closed","ping_status":"closed","template":"elementor_header_footer","meta":{"footnotes":""},"class_list":["post-181","page","type-page","status-publish","hentry"],"_links":{"self":[{"href":"https:\/\/theking43manobrasradicais.com.br\/index.php?rest_route=\/wp\/v2\/pages\/181","targetHints":{"allow":["GET"]}}],"collection":[{"href":"https:\/\/theking43manobrasradicais.com.br\/index.php?rest_route=\/wp\/v2\/pages"}],"about":[{"href":"https:\/\/theking43manobrasradicais.com.br\/index.php?rest_route=\/wp\/v2\/types\/page"}],"author":[{"embeddable":true,"href":"https:\/\/theking43manobrasradicais.com.br\/index.php?rest_route=\/wp\/v2\/users\/1"}],"replies":[{"embeddable":true,"href":"https:\/\/theking43manobrasradicais.com.br\/index.php?rest_route=%2Fwp%2Fv2%2Fcomments&post=181"}],"version-history":[{"count":196,"href":"https:\/\/theking43manobrasradicais.com.br\/index.php?rest_route=\/wp\/v2\/pages\/181\/revisions"}],"predecessor-version":[{"id":1541,"href":"https:\/\/theking43manobrasradicais.com.br\/index.php?rest_route=\/wp\/v2\/pages\/181\/revisions\/1541"}],"wp:attachment":[{"href":"https:\/\/theking43manobrasradicais.com.br\/index.php?rest_route=%2Fwp%2Fv2%2Fmedia&parent=181"}],"curies":[{"name":"wp","href":"https:\/\/api.w.org\/{rel}","templated":true}]}}